{"id":699,"date":"2019-08-21T14:01:00","date_gmt":"2019-08-21T14:01:00","guid":{"rendered":"https:\/\/refugeeswellschool.org\/?page_id=699"},"modified":"2019-08-21T14:01:00","modified_gmt":"2019-08-21T14:01:00","slug":"parentsfrench","status":"publish","type":"page","link":"https:\/\/refugeeswellschool.org\/sv\/parentsfrench\/","title":{"rendered":"Parents"},"content":{"rendered":"<p>Cette ann\u00e9e, l&#8217;\u00e9cole de votre enfant m\u00e8ne un projet qui vise \u00e0 \u00e9tudier comment nous pouvons aider les primo arrivants dans un pays \u00e0 se sentir mieux. Ce projet s&#8217;appelle &#8221; RefugeesWellSchool &#8221;.<\/p>\n<p>Le projet est une collaboration entre plusieurs universit\u00e9s de 6 pays diff\u00e9rents. Nous essayons comprendre comment les activit\u00e9s scolaires, comme le th\u00e9\u00e2tre, les discussions de groupe et les discussions en classe, peuvent aider les jeunes \u00e0 se sentir mieux, \u00e0 mieux r\u00e9ussir \u00e0 l&#8217;\u00e9cole et \u00e0 avoir de meilleures relations avec leurs pairs. De cette fa\u00e7on, nous esp\u00e9rons informer les enseignants et les \u00e9coles sur la fa\u00e7on dont ils peuvent soutenir les \u00e9leves de milieu diff\u00e9rents dans l\u2019\u00e9cole.<\/p>\n<p>Pour nous, il est tr\u00e8s important que les parents connaissent notre projet et participent \u00e0 le project. Nous croyons que nous pouvons apprendre beaucoup de vos exp\u00e9riences. Pendant l&#8217;ann\u00e9e scolaire, avec votre permission, nous vous poserons quelques questions. Votre enfant peut aussi participer aux activit\u00e9s que nous planifions en collaboration avec l&#8217;\u00e9cole (p. ex. th\u00e9\u00e2tre, discussions en classe).<\/p>\n<p>Si vous avez des questions sur le projet, vous pouvez contacter l&#8217;\u00e9cole ou l&#8217;\u00e9quipe qui g\u00e8re le projet RefugeesWellSchool dans l&#8217;\u00e9cole de votre enfant.<\/p>\n","protected":false},"excerpt":{"rendered":"<p>Cette ann\u00e9e, l&#8217;\u00e9cole de votre enfant m\u00e8ne un projet qui vise \u00e0 \u00e9tudier comment nous pouvons aider les primo arrivants dans un pays \u00e0 se sentir mieux.<\/p>\n","protected":false},"author":2,"featured_media":0,"parent":0,"menu_order":0,"comment_status":"closed","ping_status":"closed","template":"","meta":[],"acf":[],"_links":{"self":[{"href":"https:\/\/refugeeswellschool.org\/sv\/wp-json\/wp\/v2\/pages\/699"}],"collection":[{"href":"https:\/\/refugeeswellschool.org\/sv\/wp-json\/wp\/v2\/pages"}],"about":[{"href":"https:\/\/refugeeswellschool.org\/sv\/wp-json\/wp\/v2\/types\/page"}],"author":[{"embeddable":true,"href":"https:\/\/refugeeswellschool.org\/sv\/wp-json\/wp\/v2\/users\/2"}],"replies":[{"embeddable":true,"href":"https:\/\/refugeeswellschool.org\/sv\/wp-json\/wp\/v2\/comments?post=699"}],"version-history":[{"count":1,"href":"https:\/\/refugeeswellschool.org\/sv\/wp-json\/wp\/v2\/pages\/699\/revisions"}],"predecessor-version":[{"id":700,"href":"https:\/\/refugeeswellschool.org\/sv\/wp-json\/wp\/v2\/pages\/699\/revisions\/700"}],"wp:attachment":[{"href":"https:\/\/refugeeswellschool.org\/sv\/wp-json\/wp\/v2\/media?parent=699"}],"curies":[{"name":"wp","href":"https:\/\/api.w.org\/{rel}","templated":true}]}}