{"id":701,"date":"2019-08-21T14:01:44","date_gmt":"2019-08-21T14:01:44","guid":{"rendered":"https:\/\/refugeeswellschool.org\/?page_id=701"},"modified":"2019-08-21T14:01:44","modified_gmt":"2019-08-21T14:01:44","slug":"parentsitalian","status":"publish","type":"page","link":"https:\/\/refugeeswellschool.org\/sv\/parentsitalian\/","title":{"rendered":"Genitori"},"content":{"rendered":"<p>Quest\u2019anno la scuola di vostro figlio partecipa ad un progetto che studia come possiamo aiutare i giovani che sono nuovi arrivati in un paese ad integrarsi meglio. Questo progetto si chiama \u201cRefugeesWellSchool.\u201d<\/p>\n<p>Il progetto \u00e8 una collaborazine tra diverse universit\u00e0 di 6 paesi diversi. Cerchiamo di capire insieme come le attivit\u00e0 a scuola, per esempio il teatro, le discussioni di gruppo e in classe, possano aiutare i giovani ad integrarsi meglio, a lavorare meglio a scuola e ad avere relazioni migliori con i loro coetanei. In questo modo speriamo di dare informazione agli insegnanti e alle scuole su come aiutare meglio i giovani di diverse culture durante la loro carriera scolastica.<\/p>\n<p>Lo troviamo molto importante che i genitori siano al corrente del nostro progetto e partecipino alle nostre ricerche. Crediamo di poter imparare molto dalle vostre esperienze. Durante l\u2019anno scolastico, con il vostro permesso, faremo alcune domande a voi e a vostro figlio. Vostro figlio parteciper\u00e0 anche alle attivit\u00e0 pianificate in collaborazione con la scuola (per esempio teatro, discussioni in classe).<\/p>\n<p>Se avete domande sul progetto, potete contattare la scuola o il team che gestisce il progetto RefugeesWellSchool nella scuola di vostro figlio.<\/p>\n","protected":false},"excerpt":{"rendered":"<p>Quest\u2019anno la scuola di vostro figlio partecipa ad un progetto che studia come possiamo aiutare i giovani che sono nuovi arrivati in un paese ad integrarsi meglio.<\/p>\n","protected":false},"author":2,"featured_media":0,"parent":0,"menu_order":0,"comment_status":"closed","ping_status":"closed","template":"","meta":[],"acf":[],"_links":{"self":[{"href":"https:\/\/refugeeswellschool.org\/sv\/wp-json\/wp\/v2\/pages\/701"}],"collection":[{"href":"https:\/\/refugeeswellschool.org\/sv\/wp-json\/wp\/v2\/pages"}],"about":[{"href":"https:\/\/refugeeswellschool.org\/sv\/wp-json\/wp\/v2\/types\/page"}],"author":[{"embeddable":true,"href":"https:\/\/refugeeswellschool.org\/sv\/wp-json\/wp\/v2\/users\/2"}],"replies":[{"embeddable":true,"href":"https:\/\/refugeeswellschool.org\/sv\/wp-json\/wp\/v2\/comments?post=701"}],"version-history":[{"count":1,"href":"https:\/\/refugeeswellschool.org\/sv\/wp-json\/wp\/v2\/pages\/701\/revisions"}],"predecessor-version":[{"id":702,"href":"https:\/\/refugeeswellschool.org\/sv\/wp-json\/wp\/v2\/pages\/701\/revisions\/702"}],"wp:attachment":[{"href":"https:\/\/refugeeswellschool.org\/sv\/wp-json\/wp\/v2\/media?parent=701"}],"curies":[{"name":"wp","href":"https:\/\/api.w.org\/{rel}","templated":true}]}}