{"id":703,"date":"2019-08-21T14:03:43","date_gmt":"2019-08-21T14:03:43","guid":{"rendered":"https:\/\/refugeeswellschool.org\/?page_id=703"},"modified":"2019-08-21T14:03:43","modified_gmt":"2019-08-21T14:03:43","slug":"parentskurdishkurmanji","status":"publish","type":"page","link":"https:\/\/refugeeswellschool.org\/sv\/parentskurdishkurmanji\/","title":{"rendered":"Dew\u00fbbav"},"content":{"rendered":"<p>Ev sal projeyek li dibistana zarok\u00ea we t\u00ea dest p\u00ea kirin ku dixwaze l\u00eakol\u00een bike ka em \u00e7awa dikarin\u00a0al\u00eekariy\u00ea bidin ciwan\u00ean ku ji n\u00fb ve gih\u00ee\u015ftine welatek da ku ba\u015ftir h\u00ees bikin. Ev proje\u00a0&#8221;RefugeesWellSchool&#8221; t\u00ea binavkirin.<\/p>\n<p>&nbsp;<\/p>\n<p>Proje bi hevkariya di navbera zan\u00eengeh\u00ean cuda de li 6 welat\u00ean cuda ye. Em hewil didin ku bi hev f\u00ear\u00a0bibin ka \u00e7alakiy\u00ean dibistan\u00ea y\u00ean wek\u00ee \u015fanoy\u00ea, kom \u00fb \u00e7\u00eena n\u00eeqa\u015f\u00ea dikarin ciwanan bibin al\u00eekar ku xwe\u00a0ba\u015f h\u00ees bikin, li dibistan\u00ea ba\u015ftir p\u00ea\u015fke\u015f bikin \u00fb bi heval\u00ean xwe re t\u00eakiliy\u00ean ba\u015ftir hebin.<\/p>\n<p>&nbsp;<\/p>\n<p>Em h\u00eav\u00ee dikin ku d\u00ea di roj\u00ean dibistan\u00ea de ji mamoste \u00fb dibistanan re agahdar bikin ka ew dikarin \u00e7awa\u00a0bi ciwanan re pi\u015ftgir\u00ee c\u00fbda c\u00fbda pi\u015ftgir\u00ee bikin. Em difikirin ku pir gir\u00eeng e ku d\u00ea\u00fbbav bi projeya me re bizanin \u00fb be\u015fdar\u00ee l\u00eakol\u00eena me bibin. Em bawer\u00a0dikin ku em dikarin ji ezm\u00fbn\u00ean we gelek ti\u015ft h\u00een bibin.<\/p>\n<p>&nbsp;<\/p>\n<p>Di sala xwendin\u00ea de em \u00ea, bi dest\u00fbra we, ji we \u00fb zarok\u00ea we \u00e7end pirsan bipirsin. Zaroka we j\u00ee d\u00ea\u00a0be\u015fdar\u00ee \u00e7alakiy\u00ean ku em bi hevkariya dibistan\u00ea re plan dikin (m\u00eenaka \u015fanoy\u00ea, n\u00eeqa\u015f\u00ean \u00e7\u00eena). Ji bo\u00a0pirs\u00ean di derbar\u00ea projey\u00ea de h\u00fbn dikarin bi\u00e7in dibistan\u00ea an t\u00eemek ku di dibistana zarok\u00ea we de projeya RefugeesWellSchool r\u00eave dibe.<\/p>\n","protected":false},"excerpt":{"rendered":"<p>Ev sal projeyek li dibistana zarok\u00ea we t\u00ea dest p\u00ea kirin ku dixwaze l\u00eakol\u00een bike ka em \u00e7awa dikarin al\u00eekariy\u00ea bidin ciwan\u00ean ku ji n\u00fb ve gih\u00ee\u015ftine welatek da ku ba\u015ftir h\u00ees bikin.<\/p>\n","protected":false},"author":2,"featured_media":0,"parent":0,"menu_order":0,"comment_status":"closed","ping_status":"closed","template":"","meta":[],"acf":[],"_links":{"self":[{"href":"https:\/\/refugeeswellschool.org\/sv\/wp-json\/wp\/v2\/pages\/703"}],"collection":[{"href":"https:\/\/refugeeswellschool.org\/sv\/wp-json\/wp\/v2\/pages"}],"about":[{"href":"https:\/\/refugeeswellschool.org\/sv\/wp-json\/wp\/v2\/types\/page"}],"author":[{"embeddable":true,"href":"https:\/\/refugeeswellschool.org\/sv\/wp-json\/wp\/v2\/users\/2"}],"replies":[{"embeddable":true,"href":"https:\/\/refugeeswellschool.org\/sv\/wp-json\/wp\/v2\/comments?post=703"}],"version-history":[{"count":1,"href":"https:\/\/refugeeswellschool.org\/sv\/wp-json\/wp\/v2\/pages\/703\/revisions"}],"predecessor-version":[{"id":704,"href":"https:\/\/refugeeswellschool.org\/sv\/wp-json\/wp\/v2\/pages\/703\/revisions\/704"}],"wp:attachment":[{"href":"https:\/\/refugeeswellschool.org\/sv\/wp-json\/wp\/v2\/media?parent=703"}],"curies":[{"name":"wp","href":"https:\/\/api.w.org\/{rel}","templated":true}]}}