{"id":705,"date":"2019-08-21T14:04:49","date_gmt":"2019-08-21T14:04:49","guid":{"rendered":"https:\/\/refugeeswellschool.org\/?page_id=705"},"modified":"2019-08-21T14:04:49","modified_gmt":"2019-08-21T14:04:49","slug":"parentspolish","status":"publish","type":"page","link":"https:\/\/refugeeswellschool.org\/sv\/parentspolish\/","title":{"rendered":"Rodzice"},"content":{"rendered":"<p>W tym roku szko\u0142a Twojego dziecka prowadzi projekt, kt\u00f3rego celem jest zbadanie, w jaki spos\u00f3b mo\u017cemy pom\u00f3c m\u0142odym ludziom, kt\u00f3rzy przybyli do kraju, poczu\u0107 si\u0119 bardzei komfortowo. Projekt ten nosi nazw\u0119 &#8221;RefugeesWellSchool&#8221;.<\/p>\n<p>Projekt jest wsp\u00f3\u0142prac\u0105 pomi\u0119dzy r\u00f3\u017cnymi uniwersytetami w 6 r\u00f3\u017cnych krajach. Staramy si\u0119 wsp\u00f3lnie uczy\u0107, w jaki spos\u00f3b zaj\u0119cia w szkole, takie jak teatr, dyskusje grupowe i klasowe, mog\u0105 pom\u00f3c m\u0142odym ludziom poczu\u0107 si\u0119 lepiej, lepiej funkcjonowa\u0107 w szkole i mie\u0107 lepsze relacje z r\u00f3wie\u015bnikami. W ten spos\u00f3b mamy nadziej\u0119 poinformowa\u0107 nauczycieli i szko\u0142y o tym, w jaki spos\u00f3b mog\u0105 oni wspiera\u0107 m\u0142odzie\u017c z r\u00f3\u017cnych \u015brodowisk w swoich szkolnych czasach.<\/p>\n<p>Uwa\u017camy za bardzo wa\u017cne, aby rodzice poznali nasz projekt i wzi\u0119li udzia\u0142 w naszych badaniach. Wierzymy, \u017ce mo\u017cemy si\u0119 wiele nauczy\u0107 z Pa\u0144stwa do\u015bwiadcze\u0144. W ci\u0105gu roku szkolnego, za Twoj\u0105 zgod\u0105, zadamy Tobie i Twojemu dziecku kilka pyta\u0144. Twoje dziecko b\u0119dzie r\u00f3wnie\u017c uczestniczy\u0107 w dzia\u0142aniach, kt\u00f3re planujemy we wsp\u00f3\u0142pracy ze szko\u0142\u0105 (np. teatr, dyskusje klasowe).<\/p>\n<p>Je\u015bli masz jakiekolwiek pytania dotycz\u0105ce projektu, mo\u017cesz skontaktowa\u0107 si\u0119 ze szko\u0142\u0105 lub zespo\u0142em prowadz\u0105cym projekt RefugeesWellSchool w szkole Twojego dziecka.<\/p>\n","protected":false},"excerpt":{"rendered":"<p>W tym roku szko\u0142a Twojego dziecka prowadzi projekt, kt\u00f3rego celem jest zbadanie, w jaki spos\u00f3b mo\u017cemy pom\u00f3c m\u0142odym ludziom, kt\u00f3rzy przybyli do kraju, poczu\u0107 si\u0119 bardzei komfortowo.<\/p>\n","protected":false},"author":2,"featured_media":0,"parent":0,"menu_order":0,"comment_status":"closed","ping_status":"closed","template":"","meta":[],"acf":[],"_links":{"self":[{"href":"https:\/\/refugeeswellschool.org\/sv\/wp-json\/wp\/v2\/pages\/705"}],"collection":[{"href":"https:\/\/refugeeswellschool.org\/sv\/wp-json\/wp\/v2\/pages"}],"about":[{"href":"https:\/\/refugeeswellschool.org\/sv\/wp-json\/wp\/v2\/types\/page"}],"author":[{"embeddable":true,"href":"https:\/\/refugeeswellschool.org\/sv\/wp-json\/wp\/v2\/users\/2"}],"replies":[{"embeddable":true,"href":"https:\/\/refugeeswellschool.org\/sv\/wp-json\/wp\/v2\/comments?post=705"}],"version-history":[{"count":1,"href":"https:\/\/refugeeswellschool.org\/sv\/wp-json\/wp\/v2\/pages\/705\/revisions"}],"predecessor-version":[{"id":706,"href":"https:\/\/refugeeswellschool.org\/sv\/wp-json\/wp\/v2\/pages\/705\/revisions\/706"}],"wp:attachment":[{"href":"https:\/\/refugeeswellschool.org\/sv\/wp-json\/wp\/v2\/media?parent=705"}],"curies":[{"name":"wp","href":"https:\/\/api.w.org\/{rel}","templated":true}]}}