{"id":707,"date":"2019-08-21T14:05:44","date_gmt":"2019-08-21T14:05:44","guid":{"rendered":"https:\/\/refugeeswellschool.org\/?page_id=707"},"modified":"2019-08-21T14:05:44","modified_gmt":"2019-08-21T14:05:44","slug":"parentsportuguese","status":"publish","type":"page","link":"https:\/\/refugeeswellschool.org\/sv\/parentsportuguese\/","title":{"rendered":"Pais"},"content":{"rendered":"<p>Este ano, a escola do seu filho est\u00e1 a realizar um projecto que visa investigar como podemos ajudar os rec\u00e9m-chegados a um pa\u00eds a sentirem-se melhor. Este projecto chama-se &#8221;RefugeesWellSchool&#8221;.<\/p>\n<p>O projeto \u00e9 uma colabora\u00e7\u00e3o entre diferentes varias em 6 pa\u00edses diferentes. Tentamos perceber juntos como as actividades na escola, tais como teatro, discuss\u00f5es em grupo e em sala de aula, podem ajudar os jovens a sentir-se melhor, a suceder melhor na escola e a ter melhores rela\u00e7\u00f5es com os seus pares. Desta forma, esperamos informar os professores e as escolas sobre como podem apoiar os jovens de diferentes origens nos seus dias de escola.<\/p>\n<p>Para n\u00f3s, \u00e9 muito importante que os pais conhe\u00e7am nosso projeto e participem na nossa pesquisa. Achamos que podemos aprender muito com as suas experi\u00eancias. Durante o ano letivo, com a sua permiss\u00e3o, faremos algumas perguntas a voc\u00ea e ao seu filho. O seu filho tamb\u00e9m participar\u00e1 nas actividades que planeamos em coopera\u00e7\u00e3o com a escola (por exemplo, teatro, discuss\u00f5es em sala de aula).<\/p>\n<p>Se voc\u00ea tiver alguma pergunta sobre o projeto, voc\u00ea pode contatar a escola ou a equipe que dirige o projeto RefugeesWellSchool na escola de seu filho.<\/p>\n","protected":false},"excerpt":{"rendered":"<p>Este ano, a escola do seu filho est\u00e1 a realizar um projecto que visa investigar como podemos ajudar os rec\u00e9m-chegados a um pa\u00eds a sentirem-se melhor.<\/p>\n","protected":false},"author":2,"featured_media":0,"parent":0,"menu_order":0,"comment_status":"closed","ping_status":"closed","template":"","meta":[],"acf":[],"_links":{"self":[{"href":"https:\/\/refugeeswellschool.org\/sv\/wp-json\/wp\/v2\/pages\/707"}],"collection":[{"href":"https:\/\/refugeeswellschool.org\/sv\/wp-json\/wp\/v2\/pages"}],"about":[{"href":"https:\/\/refugeeswellschool.org\/sv\/wp-json\/wp\/v2\/types\/page"}],"author":[{"embeddable":true,"href":"https:\/\/refugeeswellschool.org\/sv\/wp-json\/wp\/v2\/users\/2"}],"replies":[{"embeddable":true,"href":"https:\/\/refugeeswellschool.org\/sv\/wp-json\/wp\/v2\/comments?post=707"}],"version-history":[{"count":1,"href":"https:\/\/refugeeswellschool.org\/sv\/wp-json\/wp\/v2\/pages\/707\/revisions"}],"predecessor-version":[{"id":708,"href":"https:\/\/refugeeswellschool.org\/sv\/wp-json\/wp\/v2\/pages\/707\/revisions\/708"}],"wp:attachment":[{"href":"https:\/\/refugeeswellschool.org\/sv\/wp-json\/wp\/v2\/media?parent=707"}],"curies":[{"name":"wp","href":"https:\/\/api.w.org\/{rel}","templated":true}]}}