{"id":711,"date":"2019-08-21T14:09:10","date_gmt":"2019-08-21T14:09:10","guid":{"rendered":"https:\/\/refugeeswellschool.org\/?page_id=711"},"modified":"2019-08-21T14:09:10","modified_gmt":"2019-08-21T14:09:10","slug":"parentsspanish","status":"publish","type":"page","link":"https:\/\/refugeeswellschool.org\/sv\/parentsspanish\/","title":{"rendered":"P\u0103rin\u0163i"},"content":{"rendered":"<p>Este a\u00f1o, la escuela de su hijo est\u00e1 llevando un proyecto cuyo objetivo es investigar c\u00f3mo podemos ayudar reci\u00e9n llegados a sentirse mejor. Este proyecto se llama&#8217;RefugeesWellSchool&#8217;.<\/p>\n<p>El proyecto es una colaboraci\u00f3n entre varias universidades de 6 pa\u00edses diferentes. Tratamos de entender juntos c\u00f3mo las actividades en la escuela, como el teatro, las discusiones en grupo y en clase, pueden ayudar a los j\u00f3venes a sentirse mejor, a tener \u00e9xito en la escuela y a tener mejores relaciones con sus compa\u00f1eros. De esta manera, esperamos informar a los profesores y a las escuelas sobre c\u00f3mo pueden apoyar a los alumnos de or\u00edgines diferentes en sus d\u00edas de escuela.<\/p>\n<p>Nos parece muy importante que los padres conozcan nuestro proyecto y participen en nuestra investigaci\u00f3n. Creemos que podemos aprender mucho de sus experiencias. Durante el a\u00f1o escolar, con su permiso, les haremos algunas preguntas a usted y a su hijo. Su hijo tambi\u00e9n participar\u00e1 en las actividades que planeamos en cooperaci\u00f3n con la escuela (por ejemplo, teatro, discusiones en clase).<\/p>\n<p>Si tiene alguna pregunta sobre el proyecto, puede ponerse en contacto con la escuela o con el equipo que dirige el proyecto RefugeesWellSchool en la escuela de su hijo.<\/p>\n","protected":false},"excerpt":{"rendered":"<p>Este a\u00f1o, la escuela de su hijo est\u00e1 llevando un proyecto cuyo objetivo es investigar c\u00f3mo podemos ayudar reci\u00e9n llegados a sentirse mejor.<\/p>\n","protected":false},"author":2,"featured_media":0,"parent":0,"menu_order":0,"comment_status":"closed","ping_status":"closed","template":"","meta":[],"acf":[],"_links":{"self":[{"href":"https:\/\/refugeeswellschool.org\/sv\/wp-json\/wp\/v2\/pages\/711"}],"collection":[{"href":"https:\/\/refugeeswellschool.org\/sv\/wp-json\/wp\/v2\/pages"}],"about":[{"href":"https:\/\/refugeeswellschool.org\/sv\/wp-json\/wp\/v2\/types\/page"}],"author":[{"embeddable":true,"href":"https:\/\/refugeeswellschool.org\/sv\/wp-json\/wp\/v2\/users\/2"}],"replies":[{"embeddable":true,"href":"https:\/\/refugeeswellschool.org\/sv\/wp-json\/wp\/v2\/comments?post=711"}],"version-history":[{"count":1,"href":"https:\/\/refugeeswellschool.org\/sv\/wp-json\/wp\/v2\/pages\/711\/revisions"}],"predecessor-version":[{"id":712,"href":"https:\/\/refugeeswellschool.org\/sv\/wp-json\/wp\/v2\/pages\/711\/revisions\/712"}],"wp:attachment":[{"href":"https:\/\/refugeeswellschool.org\/sv\/wp-json\/wp\/v2\/media?parent=711"}],"curies":[{"name":"wp","href":"https:\/\/api.w.org\/{rel}","templated":true}]}}