{"id":713,"date":"2019-08-21T14:10:22","date_gmt":"2019-08-21T14:10:22","guid":{"rendered":"https:\/\/refugeeswellschool.org\/?page_id=713"},"modified":"2019-08-21T14:10:22","modified_gmt":"2019-08-21T14:10:22","slug":"parentsturkish","status":"publish","type":"page","link":"https:\/\/refugeeswellschool.org\/sv\/parentsturkish\/","title":{"rendered":"Ebeveyn"},"content":{"rendered":"<p>Bu sene \u00e7ocu\u01e7unuzun okulunda bir proje \u00fczerine ara\u015ftirma y\u00fcr\u00fct\u00fcl\u00fcyor, bu ara\u015ftirma konusu; farkli \u00fclkelerden yeni gelen \u00e7ocuklarin kendinlerini daha iyi his etmeleri i\u00e7in ne yapabiliriz. Projenin adi ise \u2018RefugeesWellSchool\u2019 <strong>(\u2018IyiM\u00fclteciOkul\u2019)<\/strong><\/p>\n<p>Bu proje alti ayri \u00fclklede farkli \u00fcniversitelerin beraber \u00e7ali\u015fmalari ile oluyor. Birlikte yapti\u01e7imiz ara\u015ftirmada \u00f6\u01e7renmeye \u00e7ali\u015fti\u01e7imiz \u015fey, okuldaki tiyatro, groep- ve sinif tarti\u015fmalarina benzer faaliyetlerin, gen\u00e7lerin kendilerini nasil iyi his ettirebilir, ve bunun okul i\u00e7erisindeki ba\u015farilarini, ya\u015fitlari ile sosyal ili\u015fiklerini daha iyi nasil y\u00fckseltebilir.<\/p>\n<p>Umudumuz \u00f6\u01e7retmenlere ve okullara farkli etnikteki gen\u00e7lere okul d\u00f6neminde daha iyi nasil destek olunabilece\u01e7ine dair bilgi vermek. Ebeveyinlerin bizimle birlikte bu projede yer almalari bizim i\u00e7in \u00e7ok \u00f6nemli ve verimli olacaktir. C\u00fcnki biz ailelerin deneyimlerinden \u00e7ok b\u00fcy\u00fck bir katki alaca\u01e7imiza inaniyoruz.<\/p>\n<p>Bu okul d\u00f6neminde sizinde izninizi alarak hem size hemde cocu\u01e7unuza birka\u00e7 sorumuz olacaktir.\u00a0 Cocu\u01e7unuz okul ile birlikte pilanladigimiz faliyetlerde yer alacaktir (\u00f6rne\u01e7in: tiyatro ve sinif tarti\u015fmalari)<\/p>\n<p>Bu proje ile alakali sorularinizi okula yada okuldaki RefugeesWellSchool sorumlusuna iletebilirsiniz.<\/p>\n","protected":false},"excerpt":{"rendered":"<p>Bu sene \u00e7ocu\u01e7unuzun okulunda bir proje \u00fczerine ara\u015ftirma y\u00fcr\u00fct\u00fcl\u00fcyor, bu ara\u015ftirma konusu; farkli \u00fclkelerden yeni gelen \u00e7ocuklarin kendinlerini daha iyi his etmeleri i\u00e7in ne yapabiliriz.<\/p>\n","protected":false},"author":2,"featured_media":0,"parent":0,"menu_order":0,"comment_status":"closed","ping_status":"closed","template":"","meta":[],"acf":[],"_links":{"self":[{"href":"https:\/\/refugeeswellschool.org\/sv\/wp-json\/wp\/v2\/pages\/713"}],"collection":[{"href":"https:\/\/refugeeswellschool.org\/sv\/wp-json\/wp\/v2\/pages"}],"about":[{"href":"https:\/\/refugeeswellschool.org\/sv\/wp-json\/wp\/v2\/types\/page"}],"author":[{"embeddable":true,"href":"https:\/\/refugeeswellschool.org\/sv\/wp-json\/wp\/v2\/users\/2"}],"replies":[{"embeddable":true,"href":"https:\/\/refugeeswellschool.org\/sv\/wp-json\/wp\/v2\/comments?post=713"}],"version-history":[{"count":1,"href":"https:\/\/refugeeswellschool.org\/sv\/wp-json\/wp\/v2\/pages\/713\/revisions"}],"predecessor-version":[{"id":714,"href":"https:\/\/refugeeswellschool.org\/sv\/wp-json\/wp\/v2\/pages\/713\/revisions\/714"}],"wp:attachment":[{"href":"https:\/\/refugeeswellschool.org\/sv\/wp-json\/wp\/v2\/media?parent=713"}],"curies":[{"name":"wp","href":"https:\/\/api.w.org\/{rel}","templated":true}]}}